{"id":13,"date":"2025-01-24T20:35:57","date_gmt":"2025-01-24T20:35:57","guid":{"rendered":"https:\/\/marvelnutrition.dk\/?page_id=13"},"modified":"2025-02-27T12:04:10","modified_gmt":"2025-02-27T12:04:10","slug":"om-mig","status":"publish","type":"page","link":"https:\/\/marvelnutrition.dk\/?page_id=13","title":{"rendered":"Om mig"},"content":{"rendered":"\n<p><\/p>\n\n\n\n<div class=\"wp-block-group alignfull is-content-justification-center\" style=\"margin-top:0;margin-bottom:0\"><div class=\"wp-block-group__inner-container is-layout-constrained wp-block-group-is-layout-constrained\">\n<div class=\"wp-block-group alignwide\"><div class=\"wp-block-group__inner-container is-layout-flow wp-block-group-is-layout-flow\">\n<div class=\"wp-block-columns alignwide are-vertically-aligned-top is-layout-flex wp-container-core-columns-is-layout-ac3ebc3b wp-block-columns-is-layout-flex\">\n<div class=\"wp-block-column is-vertically-aligned-top is-content-justification-left is-layout-constrained wp-container-core-column-is-layout-02d07192 wp-block-column-is-layout-constrained\">\n<h2 class=\"wp-block-heading\">Madglad mellemdistancel\u00f8ber<\/h2>\n<\/div>\n\n\n\n<div class=\"wp-block-column is-vertically-aligned-top is-layout-flow wp-block-column-is-layout-flow\" style=\"flex-basis:40%\">\n<p>Med en kombinationen af en stor teoretisk viden og praktisk erfaring p\u00e5 banen kan jeg hj\u00e6lpe dig med realistiske og effektive \u00e6ndringer i din ern\u00e6ring!<\/p>\n\n\n\n<div class=\"wp-block-buttons is-layout-flex wp-block-buttons-is-layout-flex\">\n<div class=\"wp-block-button is-style-outline is-style-outline--1\"><a class=\"wp-block-button__link has-gray-color has-white-background-color has-text-color has-background has-link-color wp-element-button\" href=\"https:\/\/marvelnutrition.dk\/?page_id=25\" style=\"border-radius:69px;padding-top:0;padding-right:var(--wp--preset--spacing--40);padding-bottom:0;padding-left:var(--wp--preset--spacing--40)\">Find dit forl\u00f8b her<\/a><\/div>\n<\/div>\n<\/div>\n<\/div>\n\n\n\n<div style=\"height:var(--wp--preset--spacing--20)\" aria-hidden=\"true\" class=\"wp-block-spacer\"><\/div>\n<\/div><\/div>\n\n\n\n<div style=\"height:var(--wp--preset--spacing--20)\" aria-hidden=\"true\" class=\"wp-block-spacer\"><\/div>\n\n\n\n<div style=\"height:var(--wp--preset--spacing--20)\" aria-hidden=\"true\" class=\"wp-block-spacer\"><\/div>\n<\/div><\/div>\n\n\n\n<div class=\"wp-block-uagb-advanced-heading uagb-block-7cce8908\"><h2 class=\"uagb-heading-text\">Velkommen til!<\/h2><\/div>\n\n\n\n<p>Mit navn er Julie Marvel og jeg er entusiastisk amat\u00f8rl\u00f8ber og passioneret madelsker. Nedenfor er en kort beskrivelse af mine ern\u00e6ringsfaglige kvalifikationer.<\/p>\n\n\n\n<div class=\"wp-block-uagb-separator uagb-block-f08137d9\"><div class=\"wp-block-uagb-separator__inner\" style=\"--my-background-image:\"><\/div><\/div>\n\n\n\n<h3 class=\"wp-block-heading\">Cand.Scient i Human Nutrition<\/h3>\n\n\n\n<p>Jeg er uddannet fra K\u00f8benhavns Universitet, hvor jeg b\u00e5de har en bachelor og kandidat i ern\u00e6ring. De 5 \u00e5rs uddannelse har givet mig en evidensbaseret tilgang til ern\u00e6ring.<\/p>\n\n\n\n<h3 class=\"wp-block-heading\">Praktik i Team Danmark<\/h3>\n\n\n\n<p>I 2023 var jeg i praktik i ern\u00e6ringsteamet ved Team Danmark. Her fik jeg indsigt i m\u00e5ltidsplanl\u00e6gning for atleter, lavede madlavningskursus for atleter og et opskriftsh\u00e6fte.<\/p>\n\n\n\n<h3 class=\"wp-block-heading\">Arbejde med madskribent<\/h3>\n\n\n\n<p>Siden 2021 har jeg arbejdet som assistent for madskribent og madblogger Marialottes. Gennem dette arbejde har jeg testet og l\u00e6rt, hvordan opskrifter mest effektivt sammens\u00e6ttes og pr\u00e6senteres.<\/p>\n","protected":false},"excerpt":{"rendered":"<p>Madglad mellemdistancel\u00f8ber Med en kombinationen af en stor teoretisk viden og praktisk erfaring p\u00e5 banen kan jeg hj\u00e6lpe dig med realistiske og effektive \u00e6ndringer i din ern\u00e6ring! Velkommen til! Mit navn er Julie Marvel og jeg er entusiastisk amat\u00f8rl\u00f8ber og passioneret madelsker. Nedenfor er en kort beskrivelse af mine ern\u00e6ringsfaglige kvalifikationer. Cand.Scient i Human Nutrition&hellip; <a class=\"more-link\" href=\"https:\/\/marvelnutrition.dk\/?page_id=13\">L\u00e6s mere <span class=\"screen-reader-text\">Om mig<\/span><\/a><\/p>\n","protected":false},"author":1,"featured_media":148,"parent":0,"menu_order":1,"comment_status":"closed","ping_status":"closed","template":"","meta":{"_uag_custom_page_level_css":"","footnotes":""},"class_list":["post-13","page","type-page","status-publish","has-post-thumbnail","hentry","entry"],"uagb_featured_image_src":{"full":["https:\/\/marvelnutrition.dk\/wp-content\/uploads\/2025\/02\/Bw-JMM.jpg",2560,1440,false],"thumbnail":["https:\/\/marvelnutrition.dk\/wp-content\/uploads\/2025\/02\/Bw-JMM-150x150.jpg",150,150,true],"medium":["https:\/\/marvelnutrition.dk\/wp-content\/uploads\/2025\/02\/Bw-JMM-300x169.jpg",300,169,true],"medium_large":["https:\/\/marvelnutrition.dk\/wp-content\/uploads\/2025\/02\/Bw-JMM-768x432.jpg",750,422,true],"large":["https:\/\/marvelnutrition.dk\/wp-content\/uploads\/2025\/02\/Bw-JMM-1024x576.jpg",750,422,true],"1536x1536":["https:\/\/marvelnutrition.dk\/wp-content\/uploads\/2025\/02\/Bw-JMM-1536x864.jpg",1536,864,true],"2048x2048":["https:\/\/marvelnutrition.dk\/wp-content\/uploads\/2025\/02\/Bw-JMM-2048x1152.jpg",2048,1152,true],"post-thumbnail":["https:\/\/marvelnutrition.dk\/wp-content\/uploads\/2025\/02\/Bw-JMM-1568x882.jpg",1568,882,true]},"uagb_author_info":{"display_name":"admin","author_link":"https:\/\/marvelnutrition.dk\/?author=1"},"uagb_comment_info":0,"uagb_excerpt":"Madglad mellemdistancel\u00f8ber Med en kombinationen af en stor teoretisk viden og praktisk erfaring p\u00e5 banen kan jeg hj\u00e6lpe dig med realistiske og effektive \u00e6ndringer i din ern\u00e6ring! Velkommen til! Mit navn er Julie Marvel og jeg er entusiastisk amat\u00f8rl\u00f8ber og passioneret madelsker. Nedenfor er en kort beskrivelse af mine ern\u00e6ringsfaglige kvalifikationer. Cand.Scient i Human Nutrition&hellip;&hellip;","_links":{"self":[{"href":"https:\/\/marvelnutrition.dk\/index.php?rest_route=\/wp\/v2\/pages\/13","targetHints":{"allow":["GET"]}}],"collection":[{"href":"https:\/\/marvelnutrition.dk\/index.php?rest_route=\/wp\/v2\/pages"}],"about":[{"href":"https:\/\/marvelnutrition.dk\/index.php?rest_route=\/wp\/v2\/types\/page"}],"author":[{"embeddable":true,"href":"https:\/\/marvelnutrition.dk\/index.php?rest_route=\/wp\/v2\/users\/1"}],"replies":[{"embeddable":true,"href":"https:\/\/marvelnutrition.dk\/index.php?rest_route=%2Fwp%2Fv2%2Fcomments&post=13"}],"version-history":[{"count":32,"href":"https:\/\/marvelnutrition.dk\/index.php?rest_route=\/wp\/v2\/pages\/13\/revisions"}],"predecessor-version":[{"id":235,"href":"https:\/\/marvelnutrition.dk\/index.php?rest_route=\/wp\/v2\/pages\/13\/revisions\/235"}],"wp:featuredmedia":[{"embeddable":true,"href":"https:\/\/marvelnutrition.dk\/index.php?rest_route=\/wp\/v2\/media\/148"}],"wp:attachment":[{"href":"https:\/\/marvelnutrition.dk\/index.php?rest_route=%2Fwp%2Fv2%2Fmedia&parent=13"}],"curies":[{"name":"wp","href":"https:\/\/api.w.org\/{rel}","templated":true}]}}