{"id":25,"date":"2025-01-24T20:50:25","date_gmt":"2025-01-24T20:50:25","guid":{"rendered":"https:\/\/marvelnutrition.dk\/?page_id=25"},"modified":"2026-04-04T19:25:19","modified_gmt":"2026-04-04T19:25:19","slug":"forloeb","status":"publish","type":"page","link":"https:\/\/marvelnutrition.dk\/?page_id=25","title":{"rendered":"Forl\u00f8b"},"content":{"rendered":"<h3 style=\"text-align: center;\"><strong>Find et forl\u00f8b nedenunder som passer til dig, eller kontakt mig for en individuelt tilpasset plan<\/strong><\/h3>\n\n\n<figure class=\"wp-block-table alignfull is-style-stripes has-small-font-size\" style=\"padding-top:0;padding-right:0;padding-bottom:0;padding-left:0\"><table class=\"has-fixed-layout\"><tbody><tr><td class=\"has-text-align-center\" data-align=\"center\">Fuel check<\/td><td class=\"has-text-align-center\" data-align=\"center\">Indledende samtale med kostanamnese<br><br>Personlig plan for din fueling f\u00f8r, under, og efter tr\u00e6ning eller konkurrence<\/td><td class=\"has-text-align-center\" data-align=\"center\">500 kr.<\/td><\/tr><tr><td class=\"has-text-align-center\" data-align=\"center\">12-ugers forl\u00f8b<\/td><td class=\"has-text-align-center\" data-align=\"center\">Indledende samtale med kostanamnese<br><br>Ern\u00e6ringsplan<br><br>Ugentlige telefon\/<br>video-opkald<\/td><td class=\"has-text-align-center\" data-align=\"center\">2000 kr.<\/td><\/tr><tr><td class=\"has-text-align-center\" data-align=\"center\">6-ugers forl\u00f8b<\/td><td class=\"has-text-align-center\" data-align=\"center\">Indledende samtale med kostanamnese<br><br>Ern\u00e6ringsplan<br><br>Ugentlige telefon\/<br>video-opkald<\/td><td class=\"has-text-align-center\" data-align=\"center\">1000 kr.<\/td><\/tr><tr><td class=\"has-text-align-center\" data-align=\"center\">Opskrifts-katalog<\/td><td class=\"has-text-align-center\" data-align=\"center\">10 opskrifter sammensat efter dine ern\u00e6ringsbehov<\/td><td class=\"has-text-align-center\" data-align=\"center\">500 kr.<\/td><\/tr><tr><td class=\"has-text-align-center\" data-align=\"center\">Fokuseret foredrag<\/td><td class=\"has-text-align-center\" data-align=\"center\">Opl\u00e6g \u00e1 30 minutter med selvvalgt emne<\/td><td class=\"has-text-align-center\" data-align=\"center\">4000 kr.<\/td><\/tr><tr><td class=\"has-text-align-center\" data-align=\"center\"><\/td><td class=\"has-text-align-center\" data-align=\"center\"><\/td><td class=\"has-text-align-center\" data-align=\"center\"><\/td><\/tr><\/tbody><\/table><\/figure>\n\n\n\n<div class=\"wp-block-uagb-inline-notice uagb-inline_notice__align-left uagb-block-7f10b7cd\"><button class=\"uagb-notice-close-button\" type=\"button\" aria-label=\"Close\"><\/button><h4 class=\"uagb-notice-title\">Alle forl\u00f8b inkluderer rabat ved PurePower<\/h4><div class=\"uagb-notice-text\">\n<p>F\u00e5 40% rabat p\u00e5 PurePower, n\u00e5r du er i forl\u00f8b. Jeg hj\u00e6lper dig med at v\u00e6lge de produkter, der giver mening for dig, og st\u00f8tter dig i brugen af dem, herunder timing og m\u00e6ngde.<\/p>\n<\/div><\/div>\n\n\n\n<div class=\"wp-block-uagb-separator uagb-block-fdbac42d\"><div class=\"wp-block-uagb-separator__inner\" style=\"--my-background-image:\"><\/div><\/div>\n\n\n\n<div class=\"wp-block-uagb-testimonial uagb-slick-carousel uagb-tm__arrow-outside uagb-block-f0c3ad89\"><div class=\"is-carousel uagb-tm__columns-1 uagb-tm__items\"><div class=\"uagb-testimonial__wrap  uagb-tm__imgicon-style-circle uagb-tm__image-position-bottom uagb-tm__bg-type-none \"><div class=\"uagb-tm__content\"><div class=\"uagb-tm__overlay\"><\/div><div class=\"uagb-tm__text-wrap\"><div class=\"uagb-tm__desc\">&#8220;Marvel Nutrition hjalp mig med en personlig kostplan, som b\u00e5de hjalp mig med at opbygge muskelmasse og d\u00e6kke mit h\u00f8je energibehov som eliteroer. Forl\u00f8bet var meget overskueligt og pr\u00e6get af god og l\u00f8bende dialog.&#8221;<\/div><div class=\"uagb-tm__meta-inner\"><div class=\"uagb-testimonial-details\"><span class=\"uagb-tm__author-name\">Mads Kjeldgaard L\u00f8ber<\/span><span class=\"uagb-tm__company\">Eliteroer, Talentcenter \u00d8st<\/span><\/div><\/div><\/div><\/div><\/div><div class=\"uagb-testimonial__wrap  uagb-tm__imgicon-style-circle uagb-tm__image-position-bottom uagb-tm__bg-type-none \"><div class=\"uagb-tm__content\"><div class=\"uagb-tm__overlay\"><\/div><div class=\"uagb-tm__text-wrap\"><div class=\"uagb-tm__desc\">\u201cJulies (Marvel Nutrition) ekspertise har givet mig det rette indblik i og forst\u00e5else af, hvilken betydning den rette kost og n\u00e6ring har for elite atleter, og hvordan det i samspil kan forbedre mine pr\u00e6stationer i iskanalen.\u201d<\/div><div class=\"uagb-tm__meta-inner\"><div class=\"uagb-testimonial-details\"><span class=\"uagb-tm__author-name\">Maja Voigt<\/span><span class=\"uagb-tm__company\">Bobsl\u00e6depilot; vinder af Youth Olympic Gangwon 2024, samt 9. plads til OL 2026 i Cortina<\/span><\/div><\/div><\/div><\/div><\/div><div class=\"uagb-testimonial__wrap  uagb-tm__imgicon-style-circle uagb-tm__image-position-bottom uagb-tm__bg-type-none \"><div class=\"uagb-tm__content\"><div class=\"uagb-tm__overlay\"><\/div><div class=\"uagb-tm__text-wrap\"><div class=\"uagb-tm__desc\">&#8220;Marvel Nutrition hjalp mig med et fuel check. Hendes r\u00e5dgivning i form af et tidsskema skabte et nemt overblik over, hvad, hvor meget og hvorn\u00e5r jeg skulle spise. P\u00e5 den m\u00e5de kunne jeg fokusere 100% p\u00e5 l\u00f8bet.&#8221;<\/div><div class=\"uagb-tm__meta-inner\"><div class=\"uagb-testimonial-details\"><span class=\"uagb-tm__author-name\">Robin Klinke Olsson<\/span><span class=\"uagb-tm__company\">400m l\u00f8ber for Trong\u00e5rdens IF<\/span><\/div><\/div><\/div><\/div><\/div><div class=\"uagb-testimonial__wrap  uagb-tm__imgicon-style-circle uagb-tm__image-position-bottom uagb-tm__bg-type-none \"><div class=\"uagb-tm__content\"><div class=\"uagb-tm__overlay\"><\/div><div class=\"uagb-tm__text-wrap\"><div class=\"uagb-tm__desc\">&#8220;Vi havde et foredrag om sportsern\u00e6ring til en firmaaften. Julie (Marvel Nutrition) form\u00e5ede b\u00e5de at underholde og undervise vores ansatte, som efterf\u00f8lgende fik svar p\u00e5 alle deres ern\u00e6ringsrelaterede sp\u00f8rgsm\u00e5l&#8221;<\/div><div class=\"uagb-tm__meta-inner\"><div class=\"uagb-testimonial-details\"><span class=\"uagb-tm__author-name\">Thomas Jersild Olsen<\/span><span class=\"uagb-tm__company\">CEO NDURE<\/span><\/div><\/div><\/div><\/div><\/div><\/div><\/div>\n\n\n<h1 class=\"wp-block-site-title\"><a href=\"https:\/\/marvelnutrition.dk\" target=\"_self\" rel=\"home\">Marvel Nutrition<\/a><\/h1>\n\n\n<p><\/p>\n","protected":false},"excerpt":{"rendered":"<p>Find et forl\u00f8b nedenunder som passer til dig, eller kontakt mig for en individuelt tilpasset plan Fuel check Indledende samtale med kostanamnese Personlig plan for din fueling f\u00f8r, under, og efter tr\u00e6ning eller konkurrence 500 kr. 12-ugers forl\u00f8b Indledende samtale med kostanamnese Ern\u00e6ringsplan Ugentlige telefon\/video-opkald 2000 kr. 6-ugers forl\u00f8b Indledende samtale med kostanamnese Ern\u00e6ringsplan Ugentlige&hellip; <a class=\"more-link\" href=\"https:\/\/marvelnutrition.dk\/?page_id=25\">L\u00e6s mere <span class=\"screen-reader-text\">Forl\u00f8b<\/span><\/a><\/p>\n","protected":false},"author":1,"featured_media":0,"parent":0,"menu_order":0,"comment_status":"closed","ping_status":"closed","template":"","meta":{"_uag_custom_page_level_css":"","footnotes":""},"class_list":["post-25","page","type-page","status-publish","hentry","entry"],"uagb_featured_image_src":{"full":false,"thumbnail":false,"medium":false,"medium_large":false,"large":false,"1536x1536":false,"2048x2048":false,"post-thumbnail":false},"uagb_author_info":{"display_name":"admin","author_link":"https:\/\/marvelnutrition.dk\/?author=1"},"uagb_comment_info":0,"uagb_excerpt":"Find et forl\u00f8b nedenunder som passer til dig, eller kontakt mig for en individuelt tilpasset plan Fuel check Indledende samtale med kostanamnese Personlig plan for din fueling f\u00f8r, under, og efter tr\u00e6ning eller konkurrence 500 kr. 12-ugers forl\u00f8b Indledende samtale med kostanamnese Ern\u00e6ringsplan Ugentlige telefon\/video-opkald 2000 kr. 6-ugers forl\u00f8b Indledende samtale med kostanamnese Ern\u00e6ringsplan Ugentlige&hellip;&hellip;","_links":{"self":[{"href":"https:\/\/marvelnutrition.dk\/index.php?rest_route=\/wp\/v2\/pages\/25","targetHints":{"allow":["GET"]}}],"collection":[{"href":"https:\/\/marvelnutrition.dk\/index.php?rest_route=\/wp\/v2\/pages"}],"about":[{"href":"https:\/\/marvelnutrition.dk\/index.php?rest_route=\/wp\/v2\/types\/page"}],"author":[{"embeddable":true,"href":"https:\/\/marvelnutrition.dk\/index.php?rest_route=\/wp\/v2\/users\/1"}],"replies":[{"embeddable":true,"href":"https:\/\/marvelnutrition.dk\/index.php?rest_route=%2Fwp%2Fv2%2Fcomments&post=25"}],"version-history":[{"count":23,"href":"https:\/\/marvelnutrition.dk\/index.php?rest_route=\/wp\/v2\/pages\/25\/revisions"}],"predecessor-version":[{"id":253,"href":"https:\/\/marvelnutrition.dk\/index.php?rest_route=\/wp\/v2\/pages\/25\/revisions\/253"}],"wp:attachment":[{"href":"https:\/\/marvelnutrition.dk\/index.php?rest_route=%2Fwp%2Fv2%2Fmedia&parent=25"}],"curies":[{"name":"wp","href":"https:\/\/api.w.org\/{rel}","templated":true}]}}