{"id":66,"date":"2025-01-24T22:09:16","date_gmt":"2025-01-24T22:09:16","guid":{"rendered":"https:\/\/marvelnutrition.dk\/?page_id=66"},"modified":"2026-02-18T13:59:07","modified_gmt":"2026-02-18T13:59:07","slug":"her-handler-det-om-sportsernaering","status":"publish","type":"page","link":"https:\/\/marvelnutrition.dk\/","title":{"rendered":"Her handler det om sportsern\u00e6ring"},"content":{"rendered":"\n<div data-aos= \"fade-up\" data-aos-duration=\"400\" data-aos-delay=\"0\" data-aos-easing=\"ease\" data-aos-once=\"true\" class=\"wp-block-uagb-container uagb-block-59d1250b alignfull uagb-is-root-container\"><div class=\"uagb-container-inner-blocks-wrap\">\n<div class=\"wp-block-uagb-container uagb-block-01016142\">\n<div class=\"wp-block-uagb-advanced-heading uagb-block-3c772dfa\"><h2 class=\"uagb-heading-text\"><strong>Tr\u00e6ningen har du helt sikkert styr p\u00e5, men har du styr p\u00e5 ern\u00e6ringen? <\/strong><\/h2><\/div>\n\n\n\n<p><strong>Find et <a href=\"https:\/\/marvelnutrition.dk\/?page_id=25\" data-type=\"page\" data-id=\"25\">forl\u00f8b<\/a> som passer til dig!<\/strong><\/p>\n<\/div>\n\n\n\n<div class=\"wp-block-uagb-container uagb-block-854f732c\">\n<figure class=\"wp-block-image size-full is-resized is-style-rounded\"><img loading=\"lazy\" decoding=\"async\" width=\"700\" height=\"1121\" src=\"https:\/\/marvelnutrition.dk\/wp-content\/uploads\/2025\/01\/58F6F5A6-B239-4FCA-AAF6-151F645DEBBA_1_105_c.jpeg\" alt=\"\" class=\"wp-image-73\" style=\"width:328px;height:auto\" srcset=\"https:\/\/marvelnutrition.dk\/wp-content\/uploads\/2025\/01\/58F6F5A6-B239-4FCA-AAF6-151F645DEBBA_1_105_c.jpeg 700w, https:\/\/marvelnutrition.dk\/wp-content\/uploads\/2025\/01\/58F6F5A6-B239-4FCA-AAF6-151F645DEBBA_1_105_c-187x300.jpeg 187w, https:\/\/marvelnutrition.dk\/wp-content\/uploads\/2025\/01\/58F6F5A6-B239-4FCA-AAF6-151F645DEBBA_1_105_c-639x1024.jpeg 639w\" sizes=\"auto, (max-width: 700px) 100vw, 700px\" \/><\/figure>\n<\/div>\n<\/div><\/div>\n\n\n\n<hr class=\"wp-block-separator has-text-color has-alpha-channel-opacity has-background\" style=\"background-color:#d4c8a0;color:#d4c8a0\"\/>\n\n\n\n<h2 class=\"wp-block-heading has-text-align-center has-extra-large-font-size\"><strong>Evidensbaseret sportsern\u00e6ring<\/strong><\/h2>\n\n\n\n<p class=\"has-text-align-center\">Sportsern\u00e6ring er en videnskab. Med den rette tilgang kan optimering af din ern\u00e6ring lede til forbedret pr\u00e6station i din sport.<\/p>\n\n\n\n<p class=\"has-text-align-center\">Der er stor forskel p\u00e5 ern\u00e6ringsbehov under konkurrence og i l\u00f8bet af din hverdag. Desuden har typen af sport du dyrker betydning for, hvilke ern\u00e6ringsm\u00e6ssige behov, som skal d\u00e6kkes. I samarbejde med mig, vil du f\u00e5 tilpasset din ern\u00e6ring til netop din sport.<\/p>\n\n\n\n<p class=\"has-text-align-center\">Jeg arbejder evidensbaseret og du modtager vejledning funderet i videnskabelig litteratur, vurderet relevant for netop dig og dine m\u00e5l.<\/p>\n\n\n\n<div class=\"wp-block-uagb-container uagb-block-7d93a2fe default uagb-is-root-container\">\n<div class=\"wp-block-buttons is-content-justification-center is-layout-flex wp-container-core-buttons-is-layout-16018d1d wp-block-buttons-is-layout-flex\">\n<div class=\"wp-block-button is-style-outline is-style-outline--1\"><a class=\"wp-block-button__link has-text-align-center wp-element-button\" href=\"https:\/\/marvelnutrition.dk\/?page_id=204\">L\u00e6s mere her<\/a><\/div>\n<\/div>\n<\/div>\n\n\n\n<hr class=\"wp-block-separator has-text-color has-alpha-channel-opacity has-background\" style=\"background-color:#d4c8a0;color:#d4c8a0\"\/>\n\n\n\n<div class=\"wp-block-uagb-container uagb-block-3433387e alignfull uagb-is-root-container\"><div class=\"uagb-container-inner-blocks-wrap\">\n<div class=\"wp-block-uagb-testimonial uagb-slick-carousel uagb-tm__arrow-outside uagb-block-1dcd5a59 uagb-post__carousel_notset uagb-post__carousel_notset-tablet uagb-post__carousel_notset-mobile\"><div class=\"is-carousel uagb-tm__columns-1 uagb-tm__items\"><div class=\"uagb-testimonial__wrap  uagb-tm__imgicon-style-circle uagb-tm__image-position-bottom uagb-tm__bg-type-none \"><div class=\"uagb-tm__content\"><div class=\"uagb-tm__overlay\"><\/div><div class=\"uagb-tm__text-wrap\"><div class=\"uagb-tm__desc\">&#8220;Julies (Marvel Nutrition) ekspertise har givet mig det rette indblik i og forst\u00e5else af, hvilken betydning den rette kost og n\u00e6ring har for elite atleter, og hvordan det i samspil kan forbedre mine pr\u00e6stationer i iskanalen.&#8221;<\/div><div class=\"uagb-tm__meta-inner\"><div class=\"uagb-testimonial-details\"><span class=\"uagb-tm__author-name\">Maja Voigt<\/span><span class=\"uagb-tm__company\">Bobsl\u00e6depilot; vinder af Youth Olympic Gangwon 2024, samt 9. plads til OL 2026 i Cortina<\/span><\/div><\/div><\/div><\/div><\/div><\/div><\/div>\n<\/div><\/div>\n\n\n\n<div data-aos= \"fade-up\" data-aos-duration=\"400\" data-aos-delay=\"0\" data-aos-easing=\"ease\" data-aos-once=\"true\" class=\"wp-block-uagb-container uagb-block-c9bef84f alignfull uagb-is-root-container\"><div class=\"uagb-container-inner-blocks-wrap\">\n<figure class=\"wp-block-image size-full is-style-default\"><img loading=\"lazy\" decoding=\"async\" width=\"2560\" height=\"1440\" src=\"https:\/\/marvelnutrition.dk\/wp-content\/uploads\/2025\/02\/Langt-logo.png\" alt=\"\" class=\"wp-image-160\" srcset=\"https:\/\/marvelnutrition.dk\/wp-content\/uploads\/2025\/02\/Langt-logo.png 2560w, https:\/\/marvelnutrition.dk\/wp-content\/uploads\/2025\/02\/Langt-logo-300x169.png 300w, https:\/\/marvelnutrition.dk\/wp-content\/uploads\/2025\/02\/Langt-logo-1024x576.png 1024w, https:\/\/marvelnutrition.dk\/wp-content\/uploads\/2025\/02\/Langt-logo-2000x1125.png 2000w\" sizes=\"auto, (max-width: 2560px) 100vw, 2560px\" \/><\/figure>\n<\/div><\/div>\n\n\n\n<p><\/p>\n","protected":false},"excerpt":{"rendered":"<p>Tr\u00e6ningen har du helt sikkert styr p\u00e5, men har du styr p\u00e5 ern\u00e6ringen? Find et forl\u00f8b som passer til dig! Evidensbaseret sportsern\u00e6ring Sportsern\u00e6ring er en videnskab. Med den rette tilgang kan optimering af din ern\u00e6ring lede til forbedret pr\u00e6station i din sport. Der er stor forskel p\u00e5 ern\u00e6ringsbehov under konkurrence og i l\u00f8bet af din&hellip; <a class=\"more-link\" href=\"https:\/\/marvelnutrition.dk\/\">L\u00e6s mere <span class=\"screen-reader-text\">Her handler det om sportsern\u00e6ring<\/span><\/a><\/p>\n","protected":false},"author":1,"featured_media":0,"parent":0,"menu_order":0,"comment_status":"closed","ping_status":"closed","template":"","meta":{"_uag_custom_page_level_css":"","footnotes":""},"class_list":["post-66","page","type-page","status-publish","hentry","entry"],"uagb_featured_image_src":{"full":false,"thumbnail":false,"medium":false,"medium_large":false,"large":false,"1536x1536":false,"2048x2048":false,"post-thumbnail":false},"uagb_author_info":{"display_name":"admin","author_link":"https:\/\/marvelnutrition.dk\/?author=1"},"uagb_comment_info":0,"uagb_excerpt":"Tr\u00e6ningen har du helt sikkert styr p\u00e5, men har du styr p\u00e5 ern\u00e6ringen? Find et forl\u00f8b som passer til dig! Evidensbaseret sportsern\u00e6ring Sportsern\u00e6ring er en videnskab. Med den rette tilgang kan optimering af din ern\u00e6ring lede til forbedret pr\u00e6station i din sport. Der er stor forskel p\u00e5 ern\u00e6ringsbehov under konkurrence og i l\u00f8bet af din&hellip;&hellip;","_links":{"self":[{"href":"https:\/\/marvelnutrition.dk\/index.php?rest_route=\/wp\/v2\/pages\/66","targetHints":{"allow":["GET"]}}],"collection":[{"href":"https:\/\/marvelnutrition.dk\/index.php?rest_route=\/wp\/v2\/pages"}],"about":[{"href":"https:\/\/marvelnutrition.dk\/index.php?rest_route=\/wp\/v2\/types\/page"}],"author":[{"embeddable":true,"href":"https:\/\/marvelnutrition.dk\/index.php?rest_route=\/wp\/v2\/users\/1"}],"replies":[{"embeddable":true,"href":"https:\/\/marvelnutrition.dk\/index.php?rest_route=%2Fwp%2Fv2%2Fcomments&post=66"}],"version-history":[{"count":46,"href":"https:\/\/marvelnutrition.dk\/index.php?rest_route=\/wp\/v2\/pages\/66\/revisions"}],"predecessor-version":[{"id":244,"href":"https:\/\/marvelnutrition.dk\/index.php?rest_route=\/wp\/v2\/pages\/66\/revisions\/244"}],"wp:attachment":[{"href":"https:\/\/marvelnutrition.dk\/index.php?rest_route=%2Fwp%2Fv2%2Fmedia&parent=66"}],"curies":[{"name":"wp","href":"https:\/\/api.w.org\/{rel}","templated":true}]}}